{"id":18999,"date":"2019-10-13T15:50:31","date_gmt":"2019-10-13T13:50:31","guid":{"rendered":"https:\/\/meka-glas.de\/home\/"},"modified":"2021-11-25T09:29:40","modified_gmt":"2021-11-25T08:29:40","slug":"home","status":"publish","type":"page","link":"https:\/\/www.meka-glas.de\/en\/","title":{"rendered":"Home"},"content":{"rendered":"<div class=\"vgblk-rw-wrapper limit-wrapper\">\n<h3>\n\t\t\t<a href=\"\/en\/ink-rods\/\" title=\"Ink Rods\" target=\"_self\" rel=\"noopener noreferrer\">\n\tInk Rods\n\t\t\t<\/a>\n\t<\/h3>\n\t<p>Over 100 colours in the categories Transparent, Opaque, Alabaster\/Opal for the fashion and decoration industry.<\/p>\n<h3>\n\t\t\t<a href=\"\/en\/technical-glass-articles\/\" title=\"Technical Glass Articles\" target=\"_self\" rel=\"noopener noreferrer\">\n\tTechnical Glass Articles\n\t\t\t<\/a>\n\t<\/h3>\n\t<p>Especially for industry, such as the production of lenses.<\/p>\n<h3>\n\tGlazes\n\t<\/h3>\n\t<p>Each glaze is manufactured individually and is a handmade unique specimen.<\/p>\n<h3>\n\t\t\t<a href=\"\/en\/stoneware\" title=\"Stoneware\" target=\"_self\" rel=\"noopener noreferrer\">\n\tStoneware\n\t\t\t<\/a>\n\t<\/h3>\n\t<p>Perfect for storing and maturation of noble destillates, wine, beer and oil.<\/p>\n<\/div><!-- .vgblk-rw-wrapper -->","protected":false},"excerpt":{"rendered":"<p>Ink Rods Over 100 colours in the categories Transparent, Opaque, Alabaster\/Opal for the fashion and decoration industry. Technical Glass Articles Especially for industry, such as the production of lenses. Glazes Each glaze is manufactured individually and is a handmade unique specimen. Stoneware Perfect for storing and maturation of noble destillates, wine, beer and oil.<\/p>\n","protected":false},"author":1,"featured_media":0,"parent":0,"menu_order":0,"comment_status":"closed","ping_status":"closed","template":"","meta":{"footnotes":""},"class_list":["post-18999","page","type-page","status-publish","hentry"],"yoast_head":"<!-- This site is optimized with the Yoast SEO plugin v27.1.1 - https:\/\/yoast.com\/product\/yoast-seo-wordpress\/ -->\n<title>MeKa Glas - your partner for everything to do with glass as well as clay and ceramic vessels<\/title>\n<meta name=\"description\" content=\"MeKa is a trading company for protective and hygiene articles, glass as well as clay and ceramic vessels - Trust in over 20 years of expertise and numerous satisfied customers.\" \/>\n<meta name=\"robots\" content=\"index, follow, max-snippet:-1, max-image-preview:large, max-video-preview:-1\" \/>\n<link rel=\"canonical\" href=\"https:\/\/www.meka-glas.de\/en\/home\/\" \/>\n<meta property=\"og:locale\" content=\"en_US\" \/>\n<meta property=\"og:type\" content=\"article\" \/>\n<meta property=\"og:title\" content=\"MeKa Glas - your partner for everything to do with glass as well as clay and ceramic vessels\" \/>\n<meta property=\"og:description\" content=\"MeKa is a trading company for protective and hygiene articles, glass as well as clay and ceramic vessels - Trust in over 20 years of expertise and numerous satisfied customers.\" \/>\n<meta property=\"og:url\" content=\"https:\/\/www.meka-glas.de\/en\/home\/\" \/>\n<meta property=\"og:site_name\" content=\"MeKa Glas\" \/>\n<meta property=\"article:modified_time\" content=\"2021-11-25T08:29:40+00:00\" \/>\n<meta name=\"twitter:card\" content=\"summary_large_image\" \/>\n<script type=\"application\/ld+json\" class=\"yoast-schema-graph\">{\"@context\":\"https:\/\/schema.org\",\"@graph\":[{\"@type\":\"WebPage\",\"@id\":\"https:\/\/www.meka-glas.de\/en\/home\/\",\"url\":\"https:\/\/www.meka-glas.de\/en\/home\/\",\"name\":\"MeKa Glas - your partner for everything to do with glass as well as clay and ceramic vessels\",\"isPartOf\":{\"@id\":\"https:\/\/www.meka-glas.de\/#website\"},\"datePublished\":\"2019-10-13T13:50:31+00:00\",\"dateModified\":\"2021-11-25T08:29:40+00:00\",\"description\":\"MeKa is a trading company for protective and hygiene articles, glass as well as clay and ceramic vessels - Trust in over 20 years of expertise and numerous satisfied customers.\",\"breadcrumb\":{\"@id\":\"https:\/\/www.meka-glas.de\/en\/home\/#breadcrumb\"},\"inLanguage\":\"en-US\",\"potentialAction\":[{\"@type\":\"ReadAction\",\"target\":[\"https:\/\/www.meka-glas.de\/en\/home\/\"]}]},{\"@type\":\"BreadcrumbList\",\"@id\":\"https:\/\/www.meka-glas.de\/en\/home\/#breadcrumb\",\"itemListElement\":[{\"@type\":\"ListItem\",\"position\":1,\"name\":\"Startseite\",\"item\":\"https:\/\/www.meka-glas.de\/en\/home\/\"},{\"@type\":\"ListItem\",\"position\":2,\"name\":\"Home\"}]},{\"@type\":\"WebSite\",\"@id\":\"https:\/\/www.meka-glas.de\/#website\",\"url\":\"https:\/\/www.meka-glas.de\/\",\"name\":\"Meka Glas - Ihr Partner f\u00fcr Glas sowie Ton- und Keramikgef\u00e4\u00dfe\",\"description\":\"\",\"publisher\":{\"@id\":\"https:\/\/www.meka-glas.de\/#organization\"},\"potentialAction\":[{\"@type\":\"SearchAction\",\"target\":{\"@type\":\"EntryPoint\",\"urlTemplate\":\"https:\/\/www.meka-glas.de\/?s={search_term_string}\"},\"query-input\":{\"@type\":\"PropertyValueSpecification\",\"valueRequired\":true,\"valueName\":\"search_term_string\"}}],\"inLanguage\":\"en-US\"},{\"@type\":\"Organization\",\"@id\":\"https:\/\/www.meka-glas.de\/#organization\",\"name\":\"Meka Glas GmbH & Co. Handels KG\",\"url\":\"https:\/\/www.meka-glas.de\/\",\"logo\":{\"@type\":\"ImageObject\",\"inLanguage\":\"en-US\",\"@id\":\"https:\/\/www.meka-glas.de\/#\/schema\/logo\/image\/\",\"url\":\"https:\/\/www.meka-glas.de\/wp-content\/uploads\/2020\/01\/mekaglas_final2.jpg\",\"contentUrl\":\"https:\/\/www.meka-glas.de\/wp-content\/uploads\/2020\/01\/mekaglas_final2.jpg\",\"width\":842,\"height\":410,\"caption\":\"Meka Glas GmbH & Co. Handels KG\"},\"image\":{\"@id\":\"https:\/\/www.meka-glas.de\/#\/schema\/logo\/image\/\"}}]}<\/script>\n<!-- \/ Yoast SEO plugin. -->","yoast_head_json":{"title":"MeKa Glas - your partner for everything to do with glass as well as clay and ceramic vessels","description":"MeKa is a trading company for protective and hygiene articles, glass as well as clay and ceramic vessels - Trust in over 20 years of expertise and numerous satisfied customers.","robots":{"index":"index","follow":"follow","max-snippet":"max-snippet:-1","max-image-preview":"max-image-preview:large","max-video-preview":"max-video-preview:-1"},"canonical":"https:\/\/www.meka-glas.de\/en\/home\/","og_locale":"en_US","og_type":"article","og_title":"MeKa Glas - your partner for everything to do with glass as well as clay and ceramic vessels","og_description":"MeKa is a trading company for protective and hygiene articles, glass as well as clay and ceramic vessels - Trust in over 20 years of expertise and numerous satisfied customers.","og_url":"https:\/\/www.meka-glas.de\/en\/home\/","og_site_name":"MeKa Glas","article_modified_time":"2021-11-25T08:29:40+00:00","twitter_card":"summary_large_image","schema":{"@context":"https:\/\/schema.org","@graph":[{"@type":"WebPage","@id":"https:\/\/www.meka-glas.de\/en\/home\/","url":"https:\/\/www.meka-glas.de\/en\/home\/","name":"MeKa Glas - your partner for everything to do with glass as well as clay and ceramic vessels","isPartOf":{"@id":"https:\/\/www.meka-glas.de\/#website"},"datePublished":"2019-10-13T13:50:31+00:00","dateModified":"2021-11-25T08:29:40+00:00","description":"MeKa is a trading company for protective and hygiene articles, glass as well as clay and ceramic vessels - Trust in over 20 years of expertise and numerous satisfied customers.","breadcrumb":{"@id":"https:\/\/www.meka-glas.de\/en\/home\/#breadcrumb"},"inLanguage":"en-US","potentialAction":[{"@type":"ReadAction","target":["https:\/\/www.meka-glas.de\/en\/home\/"]}]},{"@type":"BreadcrumbList","@id":"https:\/\/www.meka-glas.de\/en\/home\/#breadcrumb","itemListElement":[{"@type":"ListItem","position":1,"name":"Startseite","item":"https:\/\/www.meka-glas.de\/en\/home\/"},{"@type":"ListItem","position":2,"name":"Home"}]},{"@type":"WebSite","@id":"https:\/\/www.meka-glas.de\/#website","url":"https:\/\/www.meka-glas.de\/","name":"Meka Glas - Ihr Partner f\u00fcr Glas sowie Ton- und Keramikgef\u00e4\u00dfe","description":"","publisher":{"@id":"https:\/\/www.meka-glas.de\/#organization"},"potentialAction":[{"@type":"SearchAction","target":{"@type":"EntryPoint","urlTemplate":"https:\/\/www.meka-glas.de\/?s={search_term_string}"},"query-input":{"@type":"PropertyValueSpecification","valueRequired":true,"valueName":"search_term_string"}}],"inLanguage":"en-US"},{"@type":"Organization","@id":"https:\/\/www.meka-glas.de\/#organization","name":"Meka Glas GmbH & Co. Handels KG","url":"https:\/\/www.meka-glas.de\/","logo":{"@type":"ImageObject","inLanguage":"en-US","@id":"https:\/\/www.meka-glas.de\/#\/schema\/logo\/image\/","url":"https:\/\/www.meka-glas.de\/wp-content\/uploads\/2020\/01\/mekaglas_final2.jpg","contentUrl":"https:\/\/www.meka-glas.de\/wp-content\/uploads\/2020\/01\/mekaglas_final2.jpg","width":842,"height":410,"caption":"Meka Glas GmbH & Co. Handels KG"},"image":{"@id":"https:\/\/www.meka-glas.de\/#\/schema\/logo\/image\/"}}]}},"_links":{"self":[{"href":"https:\/\/www.meka-glas.de\/en\/wp-json\/wp\/v2\/pages\/18999","targetHints":{"allow":["GET"]}}],"collection":[{"href":"https:\/\/www.meka-glas.de\/en\/wp-json\/wp\/v2\/pages"}],"about":[{"href":"https:\/\/www.meka-glas.de\/en\/wp-json\/wp\/v2\/types\/page"}],"author":[{"embeddable":true,"href":"https:\/\/www.meka-glas.de\/en\/wp-json\/wp\/v2\/users\/1"}],"replies":[{"embeddable":true,"href":"https:\/\/www.meka-glas.de\/en\/wp-json\/wp\/v2\/comments?post=18999"}],"version-history":[{"count":9,"href":"https:\/\/www.meka-glas.de\/en\/wp-json\/wp\/v2\/pages\/18999\/revisions"}],"predecessor-version":[{"id":25724,"href":"https:\/\/www.meka-glas.de\/en\/wp-json\/wp\/v2\/pages\/18999\/revisions\/25724"}],"wp:attachment":[{"href":"https:\/\/www.meka-glas.de\/en\/wp-json\/wp\/v2\/media?parent=18999"}],"curies":[{"name":"wp","href":"https:\/\/api.w.org\/{rel}","templated":true}]}}