{"id":19002,"date":"2019-10-13T15:55:25","date_gmt":"2019-10-13T13:55:25","guid":{"rendered":"https:\/\/meka-glas.de\/colour-bars\/"},"modified":"2019-10-13T17:11:03","modified_gmt":"2019-10-13T15:11:03","slug":"ink-rods","status":"publish","type":"page","link":"https:\/\/www.meka-glas.de\/en\/ink-rods\/","title":{"rendered":"Ink Rods"},"content":{"rendered":"<div class=\"vgblk-rw-wrapper limit-wrapper\">\n\t\t\t\t\t\t\t\t\t\t<img decoding=\"async\" src=\"https:\/\/www.meka-glas.de\/wp-content\/uploads\/2019\/08\/2018_12_08_Meka_Glas-13.jpg\" alt=\"2018_12_08_Meka_Glas-13\" itemprop=\"image\" title=\"2018_12_08_Meka_Glas-13\" onerror=\"this.style.display='none'\"  sizes=\"(max-width: 768px) 100vw, 100vw\" srcset=\"data:image\/svg+xml;utf8,&lt;svg%20xmlns=&quot;http:\/\/www.w3.org\/2000\/svg&quot;%20viewBox=&quot;0%200%201000%20667&quot;%20height=&quot;667px&quot;%20width=&quot;1000px&quot;\/&gt;\" data-srcset=\"https:\/\/www.meka-glas.de\/wp-content\/uploads\/2019\/08\/2018_12_08_Meka_Glas-13.jpg 1000w, https:\/\/www.meka-glas.de\/wp-content\/uploads\/2019\/08\/2018_12_08_Meka_Glas-13-300x200.jpg 300w, https:\/\/www.meka-glas.de\/wp-content\/uploads\/2019\/08\/2018_12_08_Meka_Glas-13-768x512.jpg 768w, https:\/\/www.meka-glas.de\/wp-content\/uploads\/2019\/08\/2018_12_08_Meka_Glas-13-630x420.jpg 630w, https:\/\/www.meka-glas.de\/wp-content\/uploads\/2019\/08\/2018_12_08_Meka_Glas-13-420x280.jpg 420w, https:\/\/www.meka-glas.de\/wp-content\/uploads\/2019\/08\/2018_12_08_Meka_Glas-13-840x560.jpg 840w, https:\/\/www.meka-glas.de\/wp-content\/uploads\/2019\/08\/2018_12_08_Meka_Glas-13-315x210.jpg 315w\" \/>\t\t\t\t\t\t\t\n\t<p>Colourful highlights with our colour bars<\/p>\n<p>With their ideal characteristics, the coloured glass rods are designed for processing in pressing technology. The composition, the viscosity of the glass, the good quality and the unique variety of colours of the glass rods are the basis for the processing companies producing glass jewellery and technical articles worldwide.<\/p>\n<p>The ink rods are manufactured in the length of 100cm, in the diameters from 20 to 40mm and in the two profiles round and square. Opaque colours can be produced in both profiles. Transparent, opal and alabaster colours, however, are only available with square profile.<\/p>\n<p><strong>With a click on the sample buttons you can see the complete colour palette.<\/strong><\/p>\n<div class=\"woocommerce columns-4\"><ul class=\"products vamtam-wc columns-4\">\n<li class=\"product-category product first\">\n\t<a aria-label=\"Visit product category Stangenglas Alabaster\/Opal\" href=\"https:\/\/www.meka-glas.de\/en\/product-category\/stangenglas\/stangenglas-alabaster\/\"><img loading=\"lazy\" decoding=\"async\" src=\"https:\/\/www.meka-glas.de\/wp-content\/uploads\/2018\/08\/907.jpg\" alt=\"Stangenglas Alabaster\/Opal\" width=\"210\" height=\"210\" \/>\t\t<h2 class=\"woocommerce-loop-category__title\">\n\t\t\tStangenglas Alabaster\/Opal <mark class=\"count\">(12)<\/mark>\t\t<\/h2>\n\t\t<\/a><\/li>\n<li class=\"product-category product\">\n\t<a aria-label=\"Visit product category Stangenglas opak\" href=\"https:\/\/www.meka-glas.de\/en\/product-category\/stangenglas\/stangenglas-opak\/\"><img loading=\"lazy\" decoding=\"async\" src=\"https:\/\/www.meka-glas.de\/wp-content\/uploads\/2018\/08\/687.jpg\" alt=\"Stangenglas opak\" width=\"210\" height=\"210\" \/>\t\t<h2 class=\"woocommerce-loop-category__title\">\n\t\t\tStangenglas opak <mark class=\"count\">(64)<\/mark>\t\t<\/h2>\n\t\t<\/a><\/li>\n<li class=\"product-category product\">\n\t<a aria-label=\"Visit product category Stangenglas transparent\" href=\"https:\/\/www.meka-glas.de\/en\/product-category\/stangenglas\/stangenglas-transparent\/\"><img loading=\"lazy\" decoding=\"async\" src=\"https:\/\/www.meka-glas.de\/wp-content\/uploads\/2018\/08\/158.jpg\" alt=\"Stangenglas transparent\" width=\"210\" height=\"210\" \/>\t\t<h2 class=\"woocommerce-loop-category__title\">\n\t\t\tStangenglas transparent <mark class=\"count\">(97)<\/mark>\t\t<\/h2>\n\t\t<\/a><\/li>\n<\/ul>\n<\/div><\/div><!-- .vgblk-rw-wrapper -->","protected":false},"excerpt":{"rendered":"<p>Colourful highlights with our colour bars With their ideal characteristics, the coloured glass rods are designed for processing in pressing technology. The composition, the viscosity of the glass, the good quality and the unique variety of colours of the glass rods are the basis for the processing companies producing glass jewellery and technical articles worldwide&#8230;.<\/p>\n","protected":false},"author":1,"featured_media":0,"parent":0,"menu_order":0,"comment_status":"closed","ping_status":"closed","template":"","meta":{"footnotes":""},"class_list":["post-19002","page","type-page","status-publish","hentry"],"yoast_head":"<!-- This site is optimized with the Yoast SEO plugin v27.1.1 - https:\/\/yoast.com\/product\/yoast-seo-wordpress\/ -->\n<title>Ink Rods - MeKa Glas<\/title>\n<meta name=\"robots\" content=\"index, follow, max-snippet:-1, max-image-preview:large, max-video-preview:-1\" \/>\n<link rel=\"canonical\" href=\"https:\/\/www.meka-glas.de\/en\/ink-rods\/\" \/>\n<meta property=\"og:locale\" content=\"en_US\" \/>\n<meta property=\"og:type\" content=\"article\" \/>\n<meta property=\"og:title\" content=\"Ink Rods - MeKa Glas\" \/>\n<meta property=\"og:description\" content=\"Colourful highlights with our colour bars With their ideal characteristics, the coloured glass rods are designed for processing in pressing technology. The composition, the viscosity of the glass, the good quality and the unique variety of colours of the glass rods are the basis for the processing companies producing glass jewellery and technical articles worldwide....\" \/>\n<meta property=\"og:url\" content=\"https:\/\/www.meka-glas.de\/en\/ink-rods\/\" \/>\n<meta property=\"og:site_name\" content=\"MeKa Glas\" \/>\n<meta property=\"article:modified_time\" content=\"2019-10-13T15:11:03+00:00\" \/>\n<meta property=\"og:image\" content=\"https:\/\/www.meka-glas.de\/wp-content\/uploads\/2019\/08\/2018_12_08_Meka_Glas-13.jpg\" \/>\n<meta name=\"twitter:card\" content=\"summary_large_image\" \/>\n<meta name=\"twitter:label1\" content=\"Est. reading time\" \/>\n\t<meta name=\"twitter:data1\" content=\"1 minute\" \/>\n<script type=\"application\/ld+json\" class=\"yoast-schema-graph\">{\"@context\":\"https:\/\/schema.org\",\"@graph\":[{\"@type\":\"WebPage\",\"@id\":\"https:\/\/www.meka-glas.de\/en\/ink-rods\/\",\"url\":\"https:\/\/www.meka-glas.de\/en\/ink-rods\/\",\"name\":\"Ink Rods - MeKa Glas\",\"isPartOf\":{\"@id\":\"https:\/\/www.meka-glas.de\/#website\"},\"primaryImageOfPage\":{\"@id\":\"https:\/\/www.meka-glas.de\/en\/ink-rods\/#primaryimage\"},\"image\":{\"@id\":\"https:\/\/www.meka-glas.de\/en\/ink-rods\/#primaryimage\"},\"thumbnailUrl\":\"https:\/\/www.meka-glas.de\/wp-content\/uploads\/2019\/08\/2018_12_08_Meka_Glas-13.jpg\",\"datePublished\":\"2019-10-13T13:55:25+00:00\",\"dateModified\":\"2019-10-13T15:11:03+00:00\",\"breadcrumb\":{\"@id\":\"https:\/\/www.meka-glas.de\/en\/ink-rods\/#breadcrumb\"},\"inLanguage\":\"en-US\",\"potentialAction\":[{\"@type\":\"ReadAction\",\"target\":[\"https:\/\/www.meka-glas.de\/en\/ink-rods\/\"]}]},{\"@type\":\"ImageObject\",\"inLanguage\":\"en-US\",\"@id\":\"https:\/\/www.meka-glas.de\/en\/ink-rods\/#primaryimage\",\"url\":\"https:\/\/www.meka-glas.de\/wp-content\/uploads\/2019\/08\/2018_12_08_Meka_Glas-13.jpg\",\"contentUrl\":\"https:\/\/www.meka-glas.de\/wp-content\/uploads\/2019\/08\/2018_12_08_Meka_Glas-13.jpg\"},{\"@type\":\"BreadcrumbList\",\"@id\":\"https:\/\/www.meka-glas.de\/en\/ink-rods\/#breadcrumb\",\"itemListElement\":[{\"@type\":\"ListItem\",\"position\":1,\"name\":\"Startseite\",\"item\":\"https:\/\/www.meka-glas.de\/en\/home\/\"},{\"@type\":\"ListItem\",\"position\":2,\"name\":\"Ink Rods\"}]},{\"@type\":\"WebSite\",\"@id\":\"https:\/\/www.meka-glas.de\/#website\",\"url\":\"https:\/\/www.meka-glas.de\/\",\"name\":\"Meka Glas - Ihr Partner f\u00fcr Glas sowie Ton- und Keramikgef\u00e4\u00dfe\",\"description\":\"\",\"publisher\":{\"@id\":\"https:\/\/www.meka-glas.de\/#organization\"},\"potentialAction\":[{\"@type\":\"SearchAction\",\"target\":{\"@type\":\"EntryPoint\",\"urlTemplate\":\"https:\/\/www.meka-glas.de\/?s={search_term_string}\"},\"query-input\":{\"@type\":\"PropertyValueSpecification\",\"valueRequired\":true,\"valueName\":\"search_term_string\"}}],\"inLanguage\":\"en-US\"},{\"@type\":\"Organization\",\"@id\":\"https:\/\/www.meka-glas.de\/#organization\",\"name\":\"Meka Glas GmbH & Co. Handels KG\",\"url\":\"https:\/\/www.meka-glas.de\/\",\"logo\":{\"@type\":\"ImageObject\",\"inLanguage\":\"en-US\",\"@id\":\"https:\/\/www.meka-glas.de\/#\/schema\/logo\/image\/\",\"url\":\"https:\/\/www.meka-glas.de\/wp-content\/uploads\/2020\/01\/mekaglas_final2.jpg\",\"contentUrl\":\"https:\/\/www.meka-glas.de\/wp-content\/uploads\/2020\/01\/mekaglas_final2.jpg\",\"width\":842,\"height\":410,\"caption\":\"Meka Glas GmbH & Co. Handels KG\"},\"image\":{\"@id\":\"https:\/\/www.meka-glas.de\/#\/schema\/logo\/image\/\"}}]}<\/script>\n<!-- \/ Yoast SEO plugin. -->","yoast_head_json":{"title":"Ink Rods - MeKa Glas","robots":{"index":"index","follow":"follow","max-snippet":"max-snippet:-1","max-image-preview":"max-image-preview:large","max-video-preview":"max-video-preview:-1"},"canonical":"https:\/\/www.meka-glas.de\/en\/ink-rods\/","og_locale":"en_US","og_type":"article","og_title":"Ink Rods - MeKa Glas","og_description":"Colourful highlights with our colour bars With their ideal characteristics, the coloured glass rods are designed for processing in pressing technology. The composition, the viscosity of the glass, the good quality and the unique variety of colours of the glass rods are the basis for the processing companies producing glass jewellery and technical articles worldwide....","og_url":"https:\/\/www.meka-glas.de\/en\/ink-rods\/","og_site_name":"MeKa Glas","article_modified_time":"2019-10-13T15:11:03+00:00","og_image":[{"url":"https:\/\/www.meka-glas.de\/wp-content\/uploads\/2019\/08\/2018_12_08_Meka_Glas-13.jpg","type":"","width":"","height":""}],"twitter_card":"summary_large_image","twitter_misc":{"Est. reading time":"1 minute"},"schema":{"@context":"https:\/\/schema.org","@graph":[{"@type":"WebPage","@id":"https:\/\/www.meka-glas.de\/en\/ink-rods\/","url":"https:\/\/www.meka-glas.de\/en\/ink-rods\/","name":"Ink Rods - MeKa Glas","isPartOf":{"@id":"https:\/\/www.meka-glas.de\/#website"},"primaryImageOfPage":{"@id":"https:\/\/www.meka-glas.de\/en\/ink-rods\/#primaryimage"},"image":{"@id":"https:\/\/www.meka-glas.de\/en\/ink-rods\/#primaryimage"},"thumbnailUrl":"https:\/\/www.meka-glas.de\/wp-content\/uploads\/2019\/08\/2018_12_08_Meka_Glas-13.jpg","datePublished":"2019-10-13T13:55:25+00:00","dateModified":"2019-10-13T15:11:03+00:00","breadcrumb":{"@id":"https:\/\/www.meka-glas.de\/en\/ink-rods\/#breadcrumb"},"inLanguage":"en-US","potentialAction":[{"@type":"ReadAction","target":["https:\/\/www.meka-glas.de\/en\/ink-rods\/"]}]},{"@type":"ImageObject","inLanguage":"en-US","@id":"https:\/\/www.meka-glas.de\/en\/ink-rods\/#primaryimage","url":"https:\/\/www.meka-glas.de\/wp-content\/uploads\/2019\/08\/2018_12_08_Meka_Glas-13.jpg","contentUrl":"https:\/\/www.meka-glas.de\/wp-content\/uploads\/2019\/08\/2018_12_08_Meka_Glas-13.jpg"},{"@type":"BreadcrumbList","@id":"https:\/\/www.meka-glas.de\/en\/ink-rods\/#breadcrumb","itemListElement":[{"@type":"ListItem","position":1,"name":"Startseite","item":"https:\/\/www.meka-glas.de\/en\/home\/"},{"@type":"ListItem","position":2,"name":"Ink Rods"}]},{"@type":"WebSite","@id":"https:\/\/www.meka-glas.de\/#website","url":"https:\/\/www.meka-glas.de\/","name":"Meka Glas - Ihr Partner f\u00fcr Glas sowie Ton- und Keramikgef\u00e4\u00dfe","description":"","publisher":{"@id":"https:\/\/www.meka-glas.de\/#organization"},"potentialAction":[{"@type":"SearchAction","target":{"@type":"EntryPoint","urlTemplate":"https:\/\/www.meka-glas.de\/?s={search_term_string}"},"query-input":{"@type":"PropertyValueSpecification","valueRequired":true,"valueName":"search_term_string"}}],"inLanguage":"en-US"},{"@type":"Organization","@id":"https:\/\/www.meka-glas.de\/#organization","name":"Meka Glas GmbH & Co. Handels KG","url":"https:\/\/www.meka-glas.de\/","logo":{"@type":"ImageObject","inLanguage":"en-US","@id":"https:\/\/www.meka-glas.de\/#\/schema\/logo\/image\/","url":"https:\/\/www.meka-glas.de\/wp-content\/uploads\/2020\/01\/mekaglas_final2.jpg","contentUrl":"https:\/\/www.meka-glas.de\/wp-content\/uploads\/2020\/01\/mekaglas_final2.jpg","width":842,"height":410,"caption":"Meka Glas GmbH & Co. Handels KG"},"image":{"@id":"https:\/\/www.meka-glas.de\/#\/schema\/logo\/image\/"}}]}},"_links":{"self":[{"href":"https:\/\/www.meka-glas.de\/en\/wp-json\/wp\/v2\/pages\/19002","targetHints":{"allow":["GET"]}}],"collection":[{"href":"https:\/\/www.meka-glas.de\/en\/wp-json\/wp\/v2\/pages"}],"about":[{"href":"https:\/\/www.meka-glas.de\/en\/wp-json\/wp\/v2\/types\/page"}],"author":[{"embeddable":true,"href":"https:\/\/www.meka-glas.de\/en\/wp-json\/wp\/v2\/users\/1"}],"replies":[{"embeddable":true,"href":"https:\/\/www.meka-glas.de\/en\/wp-json\/wp\/v2\/comments?post=19002"}],"version-history":[{"count":4,"href":"https:\/\/www.meka-glas.de\/en\/wp-json\/wp\/v2\/pages\/19002\/revisions"}],"predecessor-version":[{"id":19043,"href":"https:\/\/www.meka-glas.de\/en\/wp-json\/wp\/v2\/pages\/19002\/revisions\/19043"}],"wp:attachment":[{"href":"https:\/\/www.meka-glas.de\/en\/wp-json\/wp\/v2\/media?parent=19002"}],"curies":[{"name":"wp","href":"https:\/\/api.w.org\/{rel}","templated":true}]}}