{"id":19004,"date":"2019-10-13T15:56:03","date_gmt":"2019-10-13T13:56:03","guid":{"rendered":"https:\/\/meka-glas.de\/technical-glass-articles\/"},"modified":"2019-10-13T17:12:26","modified_gmt":"2019-10-13T15:12:26","slug":"technical-glass-articles","status":"publish","type":"page","link":"https:\/\/www.meka-glas.de\/en\/technical-glass-articles\/","title":{"rendered":"Technical glass articles"},"content":{"rendered":"<div class=\"vgblk-rw-wrapper limit-wrapper\">\n\t\t\t\t\t\t\t\t\t\t<img decoding=\"async\" src=\"http:\/\/www.meka-glas.de\/wp-content\/uploads\/2019\/08\/2018_12_08_Meka_Glas-15.jpg\" alt=\"2018_12_08_Meka_Glas-15\" itemprop=\"image\" title=\"2018_12_08_Meka_Glas-15\" onerror=\"this.style.display='none'\"  sizes=\"(max-width: 768px) 100vw, 100vw\" srcset=\"data:image\/svg+xml;utf8,&lt;svg%20xmlns=&quot;http:\/\/www.w3.org\/2000\/svg&quot;%20viewBox=&quot;0%200%201500%20818&quot;%20height=&quot;818px&quot;%20width=&quot;1500px&quot;\/&gt;\" data-srcset=\"https:\/\/www.meka-glas.de\/wp-content\/uploads\/2019\/08\/2018_12_08_Meka_Glas-15.jpg 1500w, https:\/\/www.meka-glas.de\/wp-content\/uploads\/2019\/08\/2018_12_08_Meka_Glas-15-300x164.jpg 300w, https:\/\/www.meka-glas.de\/wp-content\/uploads\/2019\/08\/2018_12_08_Meka_Glas-15-768x419.jpg 768w, https:\/\/www.meka-glas.de\/wp-content\/uploads\/2019\/08\/2018_12_08_Meka_Glas-15-1024x558.jpg 1024w, https:\/\/www.meka-glas.de\/wp-content\/uploads\/2019\/08\/2018_12_08_Meka_Glas-15-1260x687.jpg 1260w, https:\/\/www.meka-glas.de\/wp-content\/uploads\/2019\/08\/2018_12_08_Meka_Glas-15-630x344.jpg 630w, https:\/\/www.meka-glas.de\/wp-content\/uploads\/2019\/08\/2018_12_08_Meka_Glas-15-420x229.jpg 420w, https:\/\/www.meka-glas.de\/wp-content\/uploads\/2019\/08\/2018_12_08_Meka_Glas-15-840x458.jpg 840w, https:\/\/www.meka-glas.de\/wp-content\/uploads\/2019\/08\/2018_12_08_Meka_Glas-15-315x172.jpg 315w\" \/>\t\t\t\t\t\t\t\n\t<h2>For individual solutions:<\/h2>\n<h2>Our technical glasses<\/h2>\n<p>Glass, the material that accompanies us every day.<\/p>\n<p>We help to solve individual problems, but also supply technical glasses for many applications. Outstanding quality, reliability, flexibility and value for money forms the basis of our actions.<\/p>\n\t<a href=\"\/contact\" target=\"_self\" role=\"button\" rel=\"noopener noreferrer\">\n\t\t\t\t\tGet in Touch now\n\t<\/a>\n<\/div><!-- .vgblk-rw-wrapper -->","protected":false},"excerpt":{"rendered":"<p>For individual solutions: Our technical glasses Glass, the material that accompanies us every day. We help to solve individual problems, but also supply technical glasses for many applications. Outstanding quality, reliability, flexibility and value for money forms the basis of our actions. Get in Touch now<\/p>\n","protected":false},"author":1,"featured_media":0,"parent":0,"menu_order":0,"comment_status":"closed","ping_status":"closed","template":"","meta":{"footnotes":""},"class_list":["post-19004","page","type-page","status-publish","hentry"],"yoast_head":"<!-- This site is optimized with the Yoast SEO plugin v27.1.1 - https:\/\/yoast.com\/product\/yoast-seo-wordpress\/ -->\n<title>Technical glass articles - MeKa Glas<\/title>\n<meta name=\"robots\" content=\"index, follow, max-snippet:-1, max-image-preview:large, max-video-preview:-1\" \/>\n<link rel=\"canonical\" href=\"https:\/\/www.meka-glas.de\/en\/technical-glass-articles\/\" \/>\n<meta property=\"og:locale\" content=\"en_US\" \/>\n<meta property=\"og:type\" content=\"article\" \/>\n<meta property=\"og:title\" content=\"Technical glass articles - MeKa Glas\" \/>\n<meta property=\"og:description\" content=\"For individual solutions: Our technical glasses Glass, the material that accompanies us every day. We help to solve individual problems, but also supply technical glasses for many applications. Outstanding quality, reliability, flexibility and value for money forms the basis of our actions. Get in Touch now\" \/>\n<meta property=\"og:url\" content=\"https:\/\/www.meka-glas.de\/en\/technical-glass-articles\/\" \/>\n<meta property=\"og:site_name\" content=\"MeKa Glas\" \/>\n<meta property=\"article:modified_time\" content=\"2019-10-13T15:12:26+00:00\" \/>\n<meta property=\"og:image\" content=\"http:\/\/www.meka-glas.de\/wp-content\/uploads\/2019\/08\/2018_12_08_Meka_Glas-15.jpg\" \/>\n<meta name=\"twitter:card\" content=\"summary_large_image\" \/>\n<script type=\"application\/ld+json\" class=\"yoast-schema-graph\">{\"@context\":\"https:\/\/schema.org\",\"@graph\":[{\"@type\":\"WebPage\",\"@id\":\"https:\/\/www.meka-glas.de\/en\/technical-glass-articles\/\",\"url\":\"https:\/\/www.meka-glas.de\/en\/technical-glass-articles\/\",\"name\":\"Technical glass articles - MeKa Glas\",\"isPartOf\":{\"@id\":\"https:\/\/www.meka-glas.de\/#website\"},\"primaryImageOfPage\":{\"@id\":\"https:\/\/www.meka-glas.de\/en\/technical-glass-articles\/#primaryimage\"},\"image\":{\"@id\":\"https:\/\/www.meka-glas.de\/en\/technical-glass-articles\/#primaryimage\"},\"thumbnailUrl\":\"http:\/\/www.meka-glas.de\/wp-content\/uploads\/2019\/08\/2018_12_08_Meka_Glas-15.jpg\",\"datePublished\":\"2019-10-13T13:56:03+00:00\",\"dateModified\":\"2019-10-13T15:12:26+00:00\",\"breadcrumb\":{\"@id\":\"https:\/\/www.meka-glas.de\/en\/technical-glass-articles\/#breadcrumb\"},\"inLanguage\":\"en-US\",\"potentialAction\":[{\"@type\":\"ReadAction\",\"target\":[\"https:\/\/www.meka-glas.de\/en\/technical-glass-articles\/\"]}]},{\"@type\":\"ImageObject\",\"inLanguage\":\"en-US\",\"@id\":\"https:\/\/www.meka-glas.de\/en\/technical-glass-articles\/#primaryimage\",\"url\":\"http:\/\/www.meka-glas.de\/wp-content\/uploads\/2019\/08\/2018_12_08_Meka_Glas-15.jpg\",\"contentUrl\":\"http:\/\/www.meka-glas.de\/wp-content\/uploads\/2019\/08\/2018_12_08_Meka_Glas-15.jpg\"},{\"@type\":\"BreadcrumbList\",\"@id\":\"https:\/\/www.meka-glas.de\/en\/technical-glass-articles\/#breadcrumb\",\"itemListElement\":[{\"@type\":\"ListItem\",\"position\":1,\"name\":\"Startseite\",\"item\":\"https:\/\/www.meka-glas.de\/en\/home\/\"},{\"@type\":\"ListItem\",\"position\":2,\"name\":\"Technical glass articles\"}]},{\"@type\":\"WebSite\",\"@id\":\"https:\/\/www.meka-glas.de\/#website\",\"url\":\"https:\/\/www.meka-glas.de\/\",\"name\":\"Meka Glas - Ihr Partner f\u00fcr Glas sowie Ton- und Keramikgef\u00e4\u00dfe\",\"description\":\"\",\"publisher\":{\"@id\":\"https:\/\/www.meka-glas.de\/#organization\"},\"potentialAction\":[{\"@type\":\"SearchAction\",\"target\":{\"@type\":\"EntryPoint\",\"urlTemplate\":\"https:\/\/www.meka-glas.de\/?s={search_term_string}\"},\"query-input\":{\"@type\":\"PropertyValueSpecification\",\"valueRequired\":true,\"valueName\":\"search_term_string\"}}],\"inLanguage\":\"en-US\"},{\"@type\":\"Organization\",\"@id\":\"https:\/\/www.meka-glas.de\/#organization\",\"name\":\"Meka Glas GmbH & Co. Handels KG\",\"url\":\"https:\/\/www.meka-glas.de\/\",\"logo\":{\"@type\":\"ImageObject\",\"inLanguage\":\"en-US\",\"@id\":\"https:\/\/www.meka-glas.de\/#\/schema\/logo\/image\/\",\"url\":\"https:\/\/www.meka-glas.de\/wp-content\/uploads\/2020\/01\/mekaglas_final2.jpg\",\"contentUrl\":\"https:\/\/www.meka-glas.de\/wp-content\/uploads\/2020\/01\/mekaglas_final2.jpg\",\"width\":842,\"height\":410,\"caption\":\"Meka Glas GmbH & Co. Handels KG\"},\"image\":{\"@id\":\"https:\/\/www.meka-glas.de\/#\/schema\/logo\/image\/\"}}]}<\/script>\n<!-- \/ Yoast SEO plugin. -->","yoast_head_json":{"title":"Technical glass articles - MeKa Glas","robots":{"index":"index","follow":"follow","max-snippet":"max-snippet:-1","max-image-preview":"max-image-preview:large","max-video-preview":"max-video-preview:-1"},"canonical":"https:\/\/www.meka-glas.de\/en\/technical-glass-articles\/","og_locale":"en_US","og_type":"article","og_title":"Technical glass articles - MeKa Glas","og_description":"For individual solutions: Our technical glasses Glass, the material that accompanies us every day. We help to solve individual problems, but also supply technical glasses for many applications. Outstanding quality, reliability, flexibility and value for money forms the basis of our actions. Get in Touch now","og_url":"https:\/\/www.meka-glas.de\/en\/technical-glass-articles\/","og_site_name":"MeKa Glas","article_modified_time":"2019-10-13T15:12:26+00:00","og_image":[{"url":"http:\/\/www.meka-glas.de\/wp-content\/uploads\/2019\/08\/2018_12_08_Meka_Glas-15.jpg","type":"","width":"","height":""}],"twitter_card":"summary_large_image","schema":{"@context":"https:\/\/schema.org","@graph":[{"@type":"WebPage","@id":"https:\/\/www.meka-glas.de\/en\/technical-glass-articles\/","url":"https:\/\/www.meka-glas.de\/en\/technical-glass-articles\/","name":"Technical glass articles - MeKa Glas","isPartOf":{"@id":"https:\/\/www.meka-glas.de\/#website"},"primaryImageOfPage":{"@id":"https:\/\/www.meka-glas.de\/en\/technical-glass-articles\/#primaryimage"},"image":{"@id":"https:\/\/www.meka-glas.de\/en\/technical-glass-articles\/#primaryimage"},"thumbnailUrl":"http:\/\/www.meka-glas.de\/wp-content\/uploads\/2019\/08\/2018_12_08_Meka_Glas-15.jpg","datePublished":"2019-10-13T13:56:03+00:00","dateModified":"2019-10-13T15:12:26+00:00","breadcrumb":{"@id":"https:\/\/www.meka-glas.de\/en\/technical-glass-articles\/#breadcrumb"},"inLanguage":"en-US","potentialAction":[{"@type":"ReadAction","target":["https:\/\/www.meka-glas.de\/en\/technical-glass-articles\/"]}]},{"@type":"ImageObject","inLanguage":"en-US","@id":"https:\/\/www.meka-glas.de\/en\/technical-glass-articles\/#primaryimage","url":"http:\/\/www.meka-glas.de\/wp-content\/uploads\/2019\/08\/2018_12_08_Meka_Glas-15.jpg","contentUrl":"http:\/\/www.meka-glas.de\/wp-content\/uploads\/2019\/08\/2018_12_08_Meka_Glas-15.jpg"},{"@type":"BreadcrumbList","@id":"https:\/\/www.meka-glas.de\/en\/technical-glass-articles\/#breadcrumb","itemListElement":[{"@type":"ListItem","position":1,"name":"Startseite","item":"https:\/\/www.meka-glas.de\/en\/home\/"},{"@type":"ListItem","position":2,"name":"Technical glass articles"}]},{"@type":"WebSite","@id":"https:\/\/www.meka-glas.de\/#website","url":"https:\/\/www.meka-glas.de\/","name":"Meka Glas - Ihr Partner f\u00fcr Glas sowie Ton- und Keramikgef\u00e4\u00dfe","description":"","publisher":{"@id":"https:\/\/www.meka-glas.de\/#organization"},"potentialAction":[{"@type":"SearchAction","target":{"@type":"EntryPoint","urlTemplate":"https:\/\/www.meka-glas.de\/?s={search_term_string}"},"query-input":{"@type":"PropertyValueSpecification","valueRequired":true,"valueName":"search_term_string"}}],"inLanguage":"en-US"},{"@type":"Organization","@id":"https:\/\/www.meka-glas.de\/#organization","name":"Meka Glas GmbH & Co. Handels KG","url":"https:\/\/www.meka-glas.de\/","logo":{"@type":"ImageObject","inLanguage":"en-US","@id":"https:\/\/www.meka-glas.de\/#\/schema\/logo\/image\/","url":"https:\/\/www.meka-glas.de\/wp-content\/uploads\/2020\/01\/mekaglas_final2.jpg","contentUrl":"https:\/\/www.meka-glas.de\/wp-content\/uploads\/2020\/01\/mekaglas_final2.jpg","width":842,"height":410,"caption":"Meka Glas GmbH & Co. Handels KG"},"image":{"@id":"https:\/\/www.meka-glas.de\/#\/schema\/logo\/image\/"}}]}},"_links":{"self":[{"href":"https:\/\/www.meka-glas.de\/en\/wp-json\/wp\/v2\/pages\/19004","targetHints":{"allow":["GET"]}}],"collection":[{"href":"https:\/\/www.meka-glas.de\/en\/wp-json\/wp\/v2\/pages"}],"about":[{"href":"https:\/\/www.meka-glas.de\/en\/wp-json\/wp\/v2\/types\/page"}],"author":[{"embeddable":true,"href":"https:\/\/www.meka-glas.de\/en\/wp-json\/wp\/v2\/users\/1"}],"replies":[{"embeddable":true,"href":"https:\/\/www.meka-glas.de\/en\/wp-json\/wp\/v2\/comments?post=19004"}],"version-history":[{"count":4,"href":"https:\/\/www.meka-glas.de\/en\/wp-json\/wp\/v2\/pages\/19004\/revisions"}],"predecessor-version":[{"id":19044,"href":"https:\/\/www.meka-glas.de\/en\/wp-json\/wp\/v2\/pages\/19004\/revisions\/19044"}],"wp:attachment":[{"href":"https:\/\/www.meka-glas.de\/en\/wp-json\/wp\/v2\/media?parent=19004"}],"curies":[{"name":"wp","href":"https:\/\/api.w.org\/{rel}","templated":true}]}}