{"id":19005,"date":"2019-10-13T15:56:36","date_gmt":"2019-10-13T13:56:36","guid":{"rendered":"https:\/\/meka-glas.de\/clay-vessels\/"},"modified":"2019-10-13T18:10:43","modified_gmt":"2019-10-13T16:10:43","slug":"stoneware","status":"publish","type":"page","link":"https:\/\/www.meka-glas.de\/en\/stoneware\/","title":{"rendered":"Stoneware"},"content":{"rendered":"<div class=\"vgblk-rw-wrapper limit-wrapper\">\n<h2>\n\tOur Stoneware Products \u2013 Tradition from Passion\n\t<\/h2>\n\t\t\t\t\t\t\t\t\t\t<img decoding=\"async\" src=\"https:\/\/www.meka-glas.de\/wp-content\/uploads\/2019\/02\/Slider_Gewoelbekeller.jpg\" alt=\"Tonbeh\u00e4lter mit 950 Litern Fassungsverm\u00f6gen\" itemprop=\"image\" title=\"Slider_Gewoelbekeller\" onerror=\"this.style.display='none'\" sizes=\"(max-width: 768px) 100vw, 100vw\" srcset=\"data:image\/svg+xml;utf8,<svg%20xmlns=&quot;http:\/\/www.w3.org\/2000\/svg&quot;%20viewBox=&quot;0%200%201774%201498&quot;%20height=&quot;1498px&quot;%20width=&quot;1774px&quot;\/>&#8221; data-srcset=&#8221;https:\/\/www.meka-glas.de\/wp-content\/uploads\/2019\/02\/Slider_Gewoelbekeller.jpg 1774w, https:\/\/www.meka-glas.de\/wp-content\/uploads\/2019\/02\/Slider_Gewoelbekeller-300&#215;253.jpg 300w, https:\/\/www.meka-glas.de\/wp-content\/uploads\/2019\/02\/Slider_Gewoelbekeller-768&#215;649.jpg 768w, https:\/\/www.meka-glas.de\/wp-content\/uploads\/2019\/02\/Slider_Gewoelbekeller-1024&#215;865.jpg 1024w, https:\/\/www.meka-glas.de\/wp-content\/uploads\/2019\/02\/Slider_Gewoelbekeller-1260&#215;1064.jpg 1260w, https:\/\/www.meka-glas.de\/wp-content\/uploads\/2019\/02\/Slider_Gewoelbekeller-630&#215;532.jpg 630w, https:\/\/www.meka-glas.de\/wp-content\/uploads\/2019\/02\/Slider_Gewoelbekeller-420&#215;355.jpg 420w, https:\/\/www.meka-glas.de\/wp-content\/uploads\/2019\/02\/Slider_Gewoelbekeller-840&#215;709.jpg 840w, https:\/\/www.meka-glas.de\/wp-content\/uploads\/2019\/02\/Slider_Gewoelbekeller-315&#215;266.jpg 315w&#8221;>\t\t\t\t\t\t\t\n\t\tTonbeh\u00e4lter mit 950 Litern Fassungsverm\u00f6gen\n\t\t\t\t\t\t\t\t\t\t<img decoding=\"async\" src=\"https:\/\/www.meka-glas.de\/wp-content\/uploads\/2019\/09\/tuev_logo.png\" data-srcset=\"https:\/\/www.meka-glas.de\/wp-content\/uploads\/2019\/09\/tuev_logo.png\" srcset=\"data:image\/svg+xml;utf8,<svg%20xmlns=&quot;http:\/\/www.w3.org\/2000\/svg&quot;%20viewBox=&quot;0%200%20129%2043&quot;%20height=&quot;43px&quot;%20width=&quot;129px&quot;\/>&#8221; alt=&#8221;tuev_logo&#8221; itemprop=&#8221;image&#8221; title=&#8221;tuev_logo&#8221; onerror=&#8221;this.style.display=&#8217;none'&#8221;>\t\t\t\t\t\t\t\n\t<p>Traditional, unique warehouse art rediscovered<\/p>\n<p>Stoneware is a natural, breathable raw material<\/p>\n<p>Optimum storage and maturation conditions: in our clay containers<\/p>\n<p>Stoneware containers provide your product with space for breathing and unfolding<\/p>\n<p>Refinement of the original flavourings without additives<\/p>\n<p>As unique as your product<\/p>\n<p>Suitable for spirits, liqueurs, wines, beers and oils<\/p>\n<p>Clay vessels are offered in sizes 500 and 950 litres, but can be customized<\/p>\n\t<p>The stoneware container is characterized by its longevity in the maturation and storage process<\/p>\n<p>Traditional manufacturing process<\/p>\n<p>Each container is unique<\/p>\n<p>T\u00dcV-tested for use in the food sector<\/p>\n<p>Special customer versions possible by arrangement<\/p>\n\t\t\t\t\t\t\t\t\t\t<img decoding=\"async\" src=\"https:\/\/www.meka-glas.de\/wp-content\/uploads\/2019\/09\/tuev_logo.png\" data-srcset=\"https:\/\/www.meka-glas.de\/wp-content\/uploads\/2019\/09\/tuev_logo.png\" srcset=\"data:image\/svg+xml;utf8,<svg%20xmlns=&quot;http:\/\/www.w3.org\/2000\/svg&quot;%20viewBox=&quot;0%200%20129%2043&quot;%20height=&quot;43px&quot;%20width=&quot;129px&quot;\/>&#8221; alt=&#8221;tuev_logo&#8221; itemprop=&#8221;image&#8221; height=&#8221;43&#8243; width=&#8221;129&#8243; title=&#8221;tuev_logo&#8221; onerror=&#8221;this.style.display=&#8217;none'&#8221;>\t\t\t\t\t\t\t\n\t<p>We have had our clay containers tested for use in the food sector. The test log can be viewed here.<\/p>\n\t<a href=\"http:\/\/www.meka-glas.de\/wp-content\/uploads\/2019\/09\/Meka_Tonbehaelter_Pruefprotokoll.pdf\" target=\"_blank\" role=\"button\" rel=\"noopener noreferrer\">\n\t\t\t\t\tDownload Inspection Protocol\n\t<\/a>\n<\/div><!-- .vgblk-rw-wrapper -->","protected":false},"excerpt":{"rendered":"<p>Our Stoneware Products \u2013 Tradition from Passion We have had our clay containers tested for use in the food sector. The test log can be viewed here. Download Inspection Protocol<\/p>\n","protected":false},"author":1,"featured_media":0,"parent":0,"menu_order":0,"comment_status":"closed","ping_status":"closed","template":"","meta":{"footnotes":""},"class_list":["post-19005","page","type-page","status-publish","hentry"],"yoast_head":"<!-- This site is optimized with the Yoast SEO plugin v27.1.1 - https:\/\/yoast.com\/product\/yoast-seo-wordpress\/ -->\n<title>Stoneware - MeKa Glas<\/title>\n<meta name=\"robots\" content=\"index, follow, max-snippet:-1, max-image-preview:large, max-video-preview:-1\" \/>\n<link rel=\"canonical\" href=\"https:\/\/www.meka-glas.de\/en\/stoneware\/\" \/>\n<meta property=\"og:locale\" content=\"en_US\" \/>\n<meta property=\"og:type\" content=\"article\" \/>\n<meta property=\"og:title\" content=\"Stoneware - MeKa Glas\" \/>\n<meta property=\"og:description\" content=\"Our Stoneware Products \u2013 Tradition from Passion We have had our clay containers tested for use in the food sector. The test log can be viewed here. Download Inspection Protocol\" \/>\n<meta property=\"og:url\" content=\"https:\/\/www.meka-glas.de\/en\/stoneware\/\" \/>\n<meta property=\"og:site_name\" content=\"MeKa Glas\" \/>\n<meta property=\"article:modified_time\" content=\"2019-10-13T16:10:43+00:00\" \/>\n<meta property=\"og:image\" content=\"https:\/\/www.meka-glas.de\/wp-content\/uploads\/2019\/02\/Slider_Gewoelbekeller.jpg\" \/>\n<meta name=\"twitter:card\" content=\"summary_large_image\" \/>\n<meta name=\"twitter:label1\" content=\"Est. reading time\" \/>\n\t<meta name=\"twitter:data1\" content=\"1 minute\" \/>\n<script type=\"application\/ld+json\" class=\"yoast-schema-graph\">{\"@context\":\"https:\/\/schema.org\",\"@graph\":[{\"@type\":\"WebPage\",\"@id\":\"https:\/\/www.meka-glas.de\/en\/stoneware\/\",\"url\":\"https:\/\/www.meka-glas.de\/en\/stoneware\/\",\"name\":\"Stoneware - MeKa Glas\",\"isPartOf\":{\"@id\":\"https:\/\/www.meka-glas.de\/#website\"},\"primaryImageOfPage\":{\"@id\":\"https:\/\/www.meka-glas.de\/en\/stoneware\/#primaryimage\"},\"image\":{\"@id\":\"https:\/\/www.meka-glas.de\/en\/stoneware\/#primaryimage\"},\"thumbnailUrl\":\"https:\/\/www.meka-glas.de\/wp-content\/uploads\/2019\/02\/Slider_Gewoelbekeller.jpg\",\"datePublished\":\"2019-10-13T13:56:36+00:00\",\"dateModified\":\"2019-10-13T16:10:43+00:00\",\"breadcrumb\":{\"@id\":\"https:\/\/www.meka-glas.de\/en\/stoneware\/#breadcrumb\"},\"inLanguage\":\"en-US\",\"potentialAction\":[{\"@type\":\"ReadAction\",\"target\":[\"https:\/\/www.meka-glas.de\/en\/stoneware\/\"]}]},{\"@type\":\"ImageObject\",\"inLanguage\":\"en-US\",\"@id\":\"https:\/\/www.meka-glas.de\/en\/stoneware\/#primaryimage\",\"url\":\"https:\/\/www.meka-glas.de\/wp-content\/uploads\/2019\/02\/Slider_Gewoelbekeller.jpg\",\"contentUrl\":\"https:\/\/www.meka-glas.de\/wp-content\/uploads\/2019\/02\/Slider_Gewoelbekeller.jpg\"},{\"@type\":\"BreadcrumbList\",\"@id\":\"https:\/\/www.meka-glas.de\/en\/stoneware\/#breadcrumb\",\"itemListElement\":[{\"@type\":\"ListItem\",\"position\":1,\"name\":\"Startseite\",\"item\":\"https:\/\/www.meka-glas.de\/en\/home\/\"},{\"@type\":\"ListItem\",\"position\":2,\"name\":\"Stoneware\"}]},{\"@type\":\"WebSite\",\"@id\":\"https:\/\/www.meka-glas.de\/#website\",\"url\":\"https:\/\/www.meka-glas.de\/\",\"name\":\"Meka Glas - Ihr Partner f\u00fcr Glas sowie Ton- und Keramikgef\u00e4\u00dfe\",\"description\":\"\",\"publisher\":{\"@id\":\"https:\/\/www.meka-glas.de\/#organization\"},\"potentialAction\":[{\"@type\":\"SearchAction\",\"target\":{\"@type\":\"EntryPoint\",\"urlTemplate\":\"https:\/\/www.meka-glas.de\/?s={search_term_string}\"},\"query-input\":{\"@type\":\"PropertyValueSpecification\",\"valueRequired\":true,\"valueName\":\"search_term_string\"}}],\"inLanguage\":\"en-US\"},{\"@type\":\"Organization\",\"@id\":\"https:\/\/www.meka-glas.de\/#organization\",\"name\":\"Meka Glas GmbH & Co. Handels KG\",\"url\":\"https:\/\/www.meka-glas.de\/\",\"logo\":{\"@type\":\"ImageObject\",\"inLanguage\":\"en-US\",\"@id\":\"https:\/\/www.meka-glas.de\/#\/schema\/logo\/image\/\",\"url\":\"https:\/\/www.meka-glas.de\/wp-content\/uploads\/2020\/01\/mekaglas_final2.jpg\",\"contentUrl\":\"https:\/\/www.meka-glas.de\/wp-content\/uploads\/2020\/01\/mekaglas_final2.jpg\",\"width\":842,\"height\":410,\"caption\":\"Meka Glas GmbH & Co. Handels KG\"},\"image\":{\"@id\":\"https:\/\/www.meka-glas.de\/#\/schema\/logo\/image\/\"}}]}<\/script>\n<!-- \/ Yoast SEO plugin. -->","yoast_head_json":{"title":"Stoneware - MeKa Glas","robots":{"index":"index","follow":"follow","max-snippet":"max-snippet:-1","max-image-preview":"max-image-preview:large","max-video-preview":"max-video-preview:-1"},"canonical":"https:\/\/www.meka-glas.de\/en\/stoneware\/","og_locale":"en_US","og_type":"article","og_title":"Stoneware - MeKa Glas","og_description":"Our Stoneware Products \u2013 Tradition from Passion We have had our clay containers tested for use in the food sector. The test log can be viewed here. Download Inspection Protocol","og_url":"https:\/\/www.meka-glas.de\/en\/stoneware\/","og_site_name":"MeKa Glas","article_modified_time":"2019-10-13T16:10:43+00:00","og_image":[{"url":"https:\/\/www.meka-glas.de\/wp-content\/uploads\/2019\/02\/Slider_Gewoelbekeller.jpg","type":"","width":"","height":""}],"twitter_card":"summary_large_image","twitter_misc":{"Est. reading time":"1 minute"},"schema":{"@context":"https:\/\/schema.org","@graph":[{"@type":"WebPage","@id":"https:\/\/www.meka-glas.de\/en\/stoneware\/","url":"https:\/\/www.meka-glas.de\/en\/stoneware\/","name":"Stoneware - MeKa Glas","isPartOf":{"@id":"https:\/\/www.meka-glas.de\/#website"},"primaryImageOfPage":{"@id":"https:\/\/www.meka-glas.de\/en\/stoneware\/#primaryimage"},"image":{"@id":"https:\/\/www.meka-glas.de\/en\/stoneware\/#primaryimage"},"thumbnailUrl":"https:\/\/www.meka-glas.de\/wp-content\/uploads\/2019\/02\/Slider_Gewoelbekeller.jpg","datePublished":"2019-10-13T13:56:36+00:00","dateModified":"2019-10-13T16:10:43+00:00","breadcrumb":{"@id":"https:\/\/www.meka-glas.de\/en\/stoneware\/#breadcrumb"},"inLanguage":"en-US","potentialAction":[{"@type":"ReadAction","target":["https:\/\/www.meka-glas.de\/en\/stoneware\/"]}]},{"@type":"ImageObject","inLanguage":"en-US","@id":"https:\/\/www.meka-glas.de\/en\/stoneware\/#primaryimage","url":"https:\/\/www.meka-glas.de\/wp-content\/uploads\/2019\/02\/Slider_Gewoelbekeller.jpg","contentUrl":"https:\/\/www.meka-glas.de\/wp-content\/uploads\/2019\/02\/Slider_Gewoelbekeller.jpg"},{"@type":"BreadcrumbList","@id":"https:\/\/www.meka-glas.de\/en\/stoneware\/#breadcrumb","itemListElement":[{"@type":"ListItem","position":1,"name":"Startseite","item":"https:\/\/www.meka-glas.de\/en\/home\/"},{"@type":"ListItem","position":2,"name":"Stoneware"}]},{"@type":"WebSite","@id":"https:\/\/www.meka-glas.de\/#website","url":"https:\/\/www.meka-glas.de\/","name":"Meka Glas - Ihr Partner f\u00fcr Glas sowie Ton- und Keramikgef\u00e4\u00dfe","description":"","publisher":{"@id":"https:\/\/www.meka-glas.de\/#organization"},"potentialAction":[{"@type":"SearchAction","target":{"@type":"EntryPoint","urlTemplate":"https:\/\/www.meka-glas.de\/?s={search_term_string}"},"query-input":{"@type":"PropertyValueSpecification","valueRequired":true,"valueName":"search_term_string"}}],"inLanguage":"en-US"},{"@type":"Organization","@id":"https:\/\/www.meka-glas.de\/#organization","name":"Meka Glas GmbH & Co. Handels KG","url":"https:\/\/www.meka-glas.de\/","logo":{"@type":"ImageObject","inLanguage":"en-US","@id":"https:\/\/www.meka-glas.de\/#\/schema\/logo\/image\/","url":"https:\/\/www.meka-glas.de\/wp-content\/uploads\/2020\/01\/mekaglas_final2.jpg","contentUrl":"https:\/\/www.meka-glas.de\/wp-content\/uploads\/2020\/01\/mekaglas_final2.jpg","width":842,"height":410,"caption":"Meka Glas GmbH & Co. Handels KG"},"image":{"@id":"https:\/\/www.meka-glas.de\/#\/schema\/logo\/image\/"}}]}},"_links":{"self":[{"href":"https:\/\/www.meka-glas.de\/en\/wp-json\/wp\/v2\/pages\/19005","targetHints":{"allow":["GET"]}}],"collection":[{"href":"https:\/\/www.meka-glas.de\/en\/wp-json\/wp\/v2\/pages"}],"about":[{"href":"https:\/\/www.meka-glas.de\/en\/wp-json\/wp\/v2\/types\/page"}],"author":[{"embeddable":true,"href":"https:\/\/www.meka-glas.de\/en\/wp-json\/wp\/v2\/users\/1"}],"replies":[{"embeddable":true,"href":"https:\/\/www.meka-glas.de\/en\/wp-json\/wp\/v2\/comments?post=19005"}],"version-history":[{"count":6,"href":"https:\/\/www.meka-glas.de\/en\/wp-json\/wp\/v2\/pages\/19005\/revisions"}],"predecessor-version":[{"id":19039,"href":"https:\/\/www.meka-glas.de\/en\/wp-json\/wp\/v2\/pages\/19005\/revisions\/19039"}],"wp:attachment":[{"href":"https:\/\/www.meka-glas.de\/en\/wp-json\/wp\/v2\/media?parent=19005"}],"curies":[{"name":"wp","href":"https:\/\/api.w.org\/{rel}","templated":true}]}}