{"id":19047,"date":"2019-10-13T17:40:39","date_gmt":"2019-10-13T15:40:39","guid":{"rendered":"https:\/\/meka-glas.de\/imprint\/"},"modified":"2019-10-13T17:40:44","modified_gmt":"2019-10-13T15:40:44","slug":"imprint","status":"publish","type":"page","link":"https:\/\/www.meka-glas.de\/en\/imprint\/","title":{"rendered":"Imprint"},"content":{"rendered":"<div class=\"vgblk-rw-wrapper limit-wrapper\">\n<h2 class=\"wp-block-heading\">Information pursuant to Section 5 TMG<\/h2>\n\n<p>MeKa GmbH &amp; Co. Handels-KG<br class=\"\"\/>Glass grinder road 22<br class=\"\"\/>87600 Kaufbeuren<\/p>\n\n<p>Commercial Register: HRA 17 21<br class=\"\"\/>Register court: Kempten District Court<\/p>\n\n<p><strong class=\"\">Represented by the personally liable partner:<\/strong><br class=\"\"\/>MeKa-Verwaltungsges. mbH<\/p>\n\n<p>Managing director:<br class=\"\"\/>Wolfgang Mehr<\/p>\n\n<p>Commercial Register: HRB 5535<br class=\"\"\/>Register court: Kempten District Court<\/p>\n\n<h2 class=\"wp-block-heading\">Contact<\/h2>\n\n<p>Phone: +49 (0)8341 67203<br\/>Fax: +49 (0)8341 62442<br\/><a class=\"\" href=\"mailto:info@www.meka-glas.de\">Email: info@www.meka-glas.de<\/a><\/p>\n\n<h2 class=\"wp-block-heading\">Dispute resolution<\/h2>\n\n<p>The European Commission provides a platform for online dispute resolution (ODR): <a href=\"https:\/\/ec.europa.eu\/consumers\/odr\" target=\"_blank\" rel=\"noreferrer noopener\" class=\"\">https:\/\/ec.europa.eu\/consumers\/odr<\/a>.<br class=\"\"\/>Our e-mail address can be found at the top of the imprint.<\/p>\n\n<p>We are not willing or obliged to participate in dispute resolution proceedings before a consumer arbitration board.<\/p>\n\n<h3 class=\"wp-block-heading\">Liability for content<\/h3>\n\n<p>As a service provider, we are TMG is responsible for its own content on these pages in accordance with the general laws. Pursuant to Sections 8 to 10 of the TMG, however, we as a service provider are not obliged to monitor transmitted or stored third-party information or to investigate circumstances that indicate illegal activity.<\/p>\n\n<p>Obligations to remove or block the use of information in accordance with the general laws remain unaffected. However, liability in this respect is only possible from the moment of knowledge of a specific infringement. If we become aware of such infringements, we will remove these contents immediately.<\/p>\n\n<h3 class=\"wp-block-heading\">Liability for links<\/h3>\n\n<p>Our offer contains links to external third-party websites, the contents of which we have no influence on. Therefore, we cannot assume any liability for these third-party contents. The respective provider or operator of the pages is always responsible for the contents of the linked pages. The linked pages were checked for possible legal violations at the time of linking. Illegal contents were not recognizable at the time of linking.<\/p>\n\n<p>However, a permanent control of the content of the linked pages is not reasonable without concrete indications of a violation of the law. We will remove such links immediately upon becoming aware of any infringements of the law.<\/p>\n\n<h3 class=\"wp-block-heading\">Copyright<\/h3>\n\n<p>The content and works created by the site operators on these pages are subject to German copyright law. The duplication, processing, distribution and any kind of exploitation outside the limits of copyright require the written consent of the respective author or creator. Downloads and copies of this site are only permitted for private, non-commercial use.<\/p>\n\n<p>Insofar as the contents on this page were not created by the operator, the copyrights of third parties are respected. In particular, third-party content is marked as such. Should you nevertheless become aware of a copyright infringement, we kindly ask you to provide a notice. We will remove such content immediately upon becoming aware of any infringements.<\/p>\n\n<p>Source: <a href=\"https:\/\/www.e-recht24.de\/impressum-generator.html\" class=\"\">https:\/\/www.e-recht24.de\/impressum-generator.html<\/a><\/p>\n<\/div><!-- .vgblk-rw-wrapper -->","protected":false},"excerpt":{"rendered":"<p>Information pursuant to Section 5 TMG MeKa GmbH &amp; Co. Handels-KGGlass grinder road 2287600 Kaufbeuren Commercial Register: HRA 17 21Register court: Kempten District Court Represented by the personally liable partner:MeKa-Verwaltungsges. mbH Managing director:Wolfgang Mehr Commercial Register: HRB 5535Register court: Kempten District Court Contact Phone: +49 (0)8341 67203Fax: +49 (0)8341 62442Email: info@www.meka-glas.de Dispute resolution The European&#8230;<\/p>\n","protected":false},"author":1,"featured_media":0,"parent":0,"menu_order":0,"comment_status":"closed","ping_status":"closed","template":"","meta":{"footnotes":""},"class_list":["post-19047","page","type-page","status-publish","hentry"],"yoast_head":"<!-- This site is optimized with the Yoast SEO plugin v27.4 - https:\/\/yoast.com\/product\/yoast-seo-wordpress\/ -->\n<title>Imprint - MeKa Glas<\/title>\n<meta name=\"robots\" content=\"index, follow, max-snippet:-1, max-image-preview:large, max-video-preview:-1\" \/>\n<link rel=\"canonical\" href=\"https:\/\/www.meka-glas.de\/en\/imprint\/\" \/>\n<meta property=\"og:locale\" content=\"en_US\" \/>\n<meta property=\"og:type\" content=\"article\" \/>\n<meta property=\"og:title\" content=\"Imprint - MeKa Glas\" \/>\n<meta property=\"og:description\" content=\"Information pursuant to Section 5 TMG MeKa GmbH &amp; Co. Handels-KGGlass grinder road 2287600 Kaufbeuren Commercial Register: HRA 17 21Register court: Kempten District Court Represented by the personally liable partner:MeKa-Verwaltungsges. mbH Managing director:Wolfgang Mehr Commercial Register: HRB 5535Register court: Kempten District Court Contact Phone: +49 (0)8341 67203Fax: +49 (0)8341 62442Email: info@www.meka-glas.de Dispute resolution The European...\" \/>\n<meta property=\"og:url\" content=\"https:\/\/www.meka-glas.de\/en\/imprint\/\" \/>\n<meta property=\"og:site_name\" content=\"MeKa Glas\" \/>\n<meta property=\"article:modified_time\" content=\"2019-10-13T15:40:44+00:00\" \/>\n<meta name=\"twitter:card\" content=\"summary_large_image\" \/>\n<meta name=\"twitter:label1\" content=\"Est. reading time\" \/>\n\t<meta name=\"twitter:data1\" content=\"2 minutes\" \/>\n<script type=\"application\/ld+json\" class=\"yoast-schema-graph\">{\"@context\":\"https:\\\/\\\/schema.org\",\"@graph\":[{\"@type\":\"WebPage\",\"@id\":\"https:\\\/\\\/www.meka-glas.de\\\/en\\\/imprint\\\/\",\"url\":\"https:\\\/\\\/www.meka-glas.de\\\/en\\\/imprint\\\/\",\"name\":\"Imprint - MeKa Glas\",\"isPartOf\":{\"@id\":\"https:\\\/\\\/www.meka-glas.de\\\/#website\"},\"datePublished\":\"2019-10-13T15:40:39+00:00\",\"dateModified\":\"2019-10-13T15:40:44+00:00\",\"breadcrumb\":{\"@id\":\"https:\\\/\\\/www.meka-glas.de\\\/en\\\/imprint\\\/#breadcrumb\"},\"inLanguage\":\"en-US\",\"potentialAction\":[{\"@type\":\"ReadAction\",\"target\":[\"https:\\\/\\\/www.meka-glas.de\\\/en\\\/imprint\\\/\"]}]},{\"@type\":\"BreadcrumbList\",\"@id\":\"https:\\\/\\\/www.meka-glas.de\\\/en\\\/imprint\\\/#breadcrumb\",\"itemListElement\":[{\"@type\":\"ListItem\",\"position\":1,\"name\":\"Startseite\",\"item\":\"https:\\\/\\\/www.meka-glas.de\\\/en\\\/home\\\/\"},{\"@type\":\"ListItem\",\"position\":2,\"name\":\"Imprint\"}]},{\"@type\":\"WebSite\",\"@id\":\"https:\\\/\\\/www.meka-glas.de\\\/#website\",\"url\":\"https:\\\/\\\/www.meka-glas.de\\\/\",\"name\":\"Meka Glas - Ihr Partner f\u00fcr Glas sowie Ton- und Keramikgef\u00e4\u00dfe\",\"description\":\"\",\"publisher\":{\"@id\":\"https:\\\/\\\/www.meka-glas.de\\\/#organization\"},\"potentialAction\":[{\"@type\":\"SearchAction\",\"target\":{\"@type\":\"EntryPoint\",\"urlTemplate\":\"https:\\\/\\\/www.meka-glas.de\\\/?s={search_term_string}\"},\"query-input\":{\"@type\":\"PropertyValueSpecification\",\"valueRequired\":true,\"valueName\":\"search_term_string\"}}],\"inLanguage\":\"en-US\"},{\"@type\":\"Organization\",\"@id\":\"https:\\\/\\\/www.meka-glas.de\\\/#organization\",\"name\":\"Meka Glas GmbH & Co. Handels KG\",\"url\":\"https:\\\/\\\/www.meka-glas.de\\\/\",\"logo\":{\"@type\":\"ImageObject\",\"inLanguage\":\"en-US\",\"@id\":\"https:\\\/\\\/www.meka-glas.de\\\/#\\\/schema\\\/logo\\\/image\\\/\",\"url\":\"https:\\\/\\\/www.meka-glas.de\\\/wp-content\\\/uploads\\\/2020\\\/01\\\/mekaglas_final2.jpg\",\"contentUrl\":\"https:\\\/\\\/www.meka-glas.de\\\/wp-content\\\/uploads\\\/2020\\\/01\\\/mekaglas_final2.jpg\",\"width\":842,\"height\":410,\"caption\":\"Meka Glas GmbH & Co. Handels KG\"},\"image\":{\"@id\":\"https:\\\/\\\/www.meka-glas.de\\\/#\\\/schema\\\/logo\\\/image\\\/\"}}]}<\/script>\n<!-- \/ Yoast SEO plugin. -->","yoast_head_json":{"title":"Imprint - MeKa Glas","robots":{"index":"index","follow":"follow","max-snippet":"max-snippet:-1","max-image-preview":"max-image-preview:large","max-video-preview":"max-video-preview:-1"},"canonical":"https:\/\/www.meka-glas.de\/en\/imprint\/","og_locale":"en_US","og_type":"article","og_title":"Imprint - MeKa Glas","og_description":"Information pursuant to Section 5 TMG MeKa GmbH &amp; Co. Handels-KGGlass grinder road 2287600 Kaufbeuren Commercial Register: HRA 17 21Register court: Kempten District Court Represented by the personally liable partner:MeKa-Verwaltungsges. mbH Managing director:Wolfgang Mehr Commercial Register: HRB 5535Register court: Kempten District Court Contact Phone: +49 (0)8341 67203Fax: +49 (0)8341 62442Email: info@www.meka-glas.de Dispute resolution The European...","og_url":"https:\/\/www.meka-glas.de\/en\/imprint\/","og_site_name":"MeKa Glas","article_modified_time":"2019-10-13T15:40:44+00:00","twitter_card":"summary_large_image","twitter_misc":{"Est. reading time":"2 minutes"},"schema":{"@context":"https:\/\/schema.org","@graph":[{"@type":"WebPage","@id":"https:\/\/www.meka-glas.de\/en\/imprint\/","url":"https:\/\/www.meka-glas.de\/en\/imprint\/","name":"Imprint - MeKa Glas","isPartOf":{"@id":"https:\/\/www.meka-glas.de\/#website"},"datePublished":"2019-10-13T15:40:39+00:00","dateModified":"2019-10-13T15:40:44+00:00","breadcrumb":{"@id":"https:\/\/www.meka-glas.de\/en\/imprint\/#breadcrumb"},"inLanguage":"en-US","potentialAction":[{"@type":"ReadAction","target":["https:\/\/www.meka-glas.de\/en\/imprint\/"]}]},{"@type":"BreadcrumbList","@id":"https:\/\/www.meka-glas.de\/en\/imprint\/#breadcrumb","itemListElement":[{"@type":"ListItem","position":1,"name":"Startseite","item":"https:\/\/www.meka-glas.de\/en\/home\/"},{"@type":"ListItem","position":2,"name":"Imprint"}]},{"@type":"WebSite","@id":"https:\/\/www.meka-glas.de\/#website","url":"https:\/\/www.meka-glas.de\/","name":"Meka Glas - Ihr Partner f\u00fcr Glas sowie Ton- und Keramikgef\u00e4\u00dfe","description":"","publisher":{"@id":"https:\/\/www.meka-glas.de\/#organization"},"potentialAction":[{"@type":"SearchAction","target":{"@type":"EntryPoint","urlTemplate":"https:\/\/www.meka-glas.de\/?s={search_term_string}"},"query-input":{"@type":"PropertyValueSpecification","valueRequired":true,"valueName":"search_term_string"}}],"inLanguage":"en-US"},{"@type":"Organization","@id":"https:\/\/www.meka-glas.de\/#organization","name":"Meka Glas GmbH & Co. Handels KG","url":"https:\/\/www.meka-glas.de\/","logo":{"@type":"ImageObject","inLanguage":"en-US","@id":"https:\/\/www.meka-glas.de\/#\/schema\/logo\/image\/","url":"https:\/\/www.meka-glas.de\/wp-content\/uploads\/2020\/01\/mekaglas_final2.jpg","contentUrl":"https:\/\/www.meka-glas.de\/wp-content\/uploads\/2020\/01\/mekaglas_final2.jpg","width":842,"height":410,"caption":"Meka Glas GmbH & Co. Handels KG"},"image":{"@id":"https:\/\/www.meka-glas.de\/#\/schema\/logo\/image\/"}}]}},"_links":{"self":[{"href":"https:\/\/www.meka-glas.de\/en\/wp-json\/wp\/v2\/pages\/19047","targetHints":{"allow":["GET"]}}],"collection":[{"href":"https:\/\/www.meka-glas.de\/en\/wp-json\/wp\/v2\/pages"}],"about":[{"href":"https:\/\/www.meka-glas.de\/en\/wp-json\/wp\/v2\/types\/page"}],"author":[{"embeddable":true,"href":"https:\/\/www.meka-glas.de\/en\/wp-json\/wp\/v2\/users\/1"}],"replies":[{"embeddable":true,"href":"https:\/\/www.meka-glas.de\/en\/wp-json\/wp\/v2\/comments?post=19047"}],"version-history":[{"count":4,"href":"https:\/\/www.meka-glas.de\/en\/wp-json\/wp\/v2\/pages\/19047\/revisions"}],"predecessor-version":[{"id":19051,"href":"https:\/\/www.meka-glas.de\/en\/wp-json\/wp\/v2\/pages\/19047\/revisions\/19051"}],"wp:attachment":[{"href":"https:\/\/www.meka-glas.de\/en\/wp-json\/wp\/v2\/media?parent=19047"}],"curies":[{"name":"wp","href":"https:\/\/api.w.org\/{rel}","templated":true}]}}